{"id":727,"date":"2025-03-26T19:35:52","date_gmt":"2025-03-26T19:35:52","guid":{"rendered":"https:\/\/cidocean.com\/?post_type=product&#038;p=727"},"modified":"2025-04-07T16:03:14","modified_gmt":"2025-04-07T16:03:14","slug":"centolla-cluster-cocido-congelado","status":"publish","type":"product","link":"https:\/\/cidocean.com\/en\/product\/centolla-cluster-cocido-congelado\/","title":{"rendered":"Chilean King Crab \u2013 Cluster"},"content":{"rendered":"<p><strong>Common Name<\/strong>: Chilean King Crab<\/p>\n<p><strong>Scientific Name<\/strong>: Lithodes Santolla<\/p>\n<p><strong>Presentation:<\/strong>: Legs and claws, tied, cooked, frozen IQF<\/p>\n<p><strong>Packing:<\/strong> Bubble bag per unit, carton box of 10 to 11 kg<\/p>\n<p><strong>Capture zone<\/strong>: Chacao Channel (Chilo\u00e9 Island) to Cape Horn<\/p>\n<p><strong>Dispatch<\/strong>: Maritime FCL 40 HC<\/p>\n<p><strong>Extraction Season<\/strong>: June to November<\/p>","protected":false},"excerpt":{"rendered":"<p>Nombre Com\u00fan: Centolla Chilena Nombre Cient\u00edfico: Lithodes Santolla Presentaci\u00f3n: Patas y tenaza, amarradas, cocidas, congeladas IQF Empaque: Bolsa burbuja por unid, caja carton de 10 a 11\u00a0 kg Zona de captura: Canal de Chacao (Isla de Chilo\u00e9) al Cabo de Hornos Despacho: Mar\u00edtimo FCL\u00a0 40HC Temporada Extracci\u00f3n: Junio a Noviembre<\/p>","protected":false},"featured_media":946,"comment_status":"open","ping_status":"closed","template":"","meta":[],"product_brand":[],"product_cat":[22],"product_tag":[],"class_list":{"0":"post-727","1":"product","2":"type-product","3":"status-publish","4":"has-post-thumbnail","6":"product_cat-productos-del-mar","8":"first","9":"instock","10":"shipping-taxable","11":"product-type-simple"},"_links":{"self":[{"href":"https:\/\/cidocean.com\/en\/wp-json\/wp\/v2\/product\/727","targetHints":{"allow":["GET"]}}],"collection":[{"href":"https:\/\/cidocean.com\/en\/wp-json\/wp\/v2\/product"}],"about":[{"href":"https:\/\/cidocean.com\/en\/wp-json\/wp\/v2\/types\/product"}],"replies":[{"embeddable":true,"href":"https:\/\/cidocean.com\/en\/wp-json\/wp\/v2\/comments?post=727"}],"wp:featuredmedia":[{"embeddable":true,"href":"https:\/\/cidocean.com\/en\/wp-json\/wp\/v2\/media\/946"}],"wp:attachment":[{"href":"https:\/\/cidocean.com\/en\/wp-json\/wp\/v2\/media?parent=727"}],"wp:term":[{"taxonomy":"product_brand","embeddable":true,"href":"https:\/\/cidocean.com\/en\/wp-json\/wp\/v2\/product_brand?post=727"},{"taxonomy":"product_cat","embeddable":true,"href":"https:\/\/cidocean.com\/en\/wp-json\/wp\/v2\/product_cat?post=727"},{"taxonomy":"product_tag","embeddable":true,"href":"https:\/\/cidocean.com\/en\/wp-json\/wp\/v2\/product_tag?post=727"}],"curies":[{"name":"wp","href":"https:\/\/api.w.org\/{rel}","templated":true}]}}